{"id":13718,"date":"2022-06-13T12:31:11","date_gmt":"2022-06-13T10:31:11","guid":{"rendered":"https:\/\/trextape.eu\/mentions-legales\/"},"modified":"2024-03-12T11:23:42","modified_gmt":"2024-03-12T10:23:42","slug":"mentions-legales","status":"publish","type":"page","link":"https:\/\/trextape.eu\/fr\/mentions-legales\/","title":{"rendered":"Mentions l\u00e9gales"},"content":{"rendered":"\t\t<div data-elementor-type=\"wp-page\" data-elementor-id=\"13718\" class=\"elementor elementor-13718 elementor-33\" data-elementor-post-type=\"page\">\n\t\t\t\t<div class=\"elementor-element elementor-element-a109089 pad-s e-flex e-con-boxed e-con e-parent\" data-id=\"a109089\" data-element_type=\"container\" data-e-type=\"container\" data-settings=\"{&quot;jet_parallax_layout_list&quot;:[],&quot;background_background&quot;:&quot;classic&quot;}\">\n\t\t\t\t\t<div class=\"e-con-inner\">\n\t\t\t\t<div class=\"elementor-element elementor-element-aa79a61 elementor-widget elementor-widget-heading\" data-id=\"aa79a61\" data-element_type=\"widget\" data-e-type=\"widget\" data-widget_type=\"heading.default\">\n\t\t\t\t<div class=\"elementor-widget-container\">\n\t\t\t\t\t<h1 class=\"elementor-heading-title elementor-size-default\">Mentions l\u00e9gales<\/h1>\t\t\t\t<\/div>\n\t\t\t\t<\/div>\n\t\t\t\t\t<\/div>\n\t\t\t\t<\/div>\n\t\t<div class=\"elementor-element elementor-element-3ede3cb pad-m e-flex e-con-boxed e-con e-parent\" data-id=\"3ede3cb\" data-element_type=\"container\" data-e-type=\"container\" data-settings=\"{&quot;jet_parallax_layout_list&quot;:[]}\">\n\t\t\t\t\t<div class=\"e-con-inner\">\n\t\t<div class=\"elementor-element elementor-element-5660bc8 e-con-full e-flex e-con e-child\" data-id=\"5660bc8\" data-element_type=\"container\" data-e-type=\"container\" data-settings=\"{&quot;jet_parallax_layout_list&quot;:[]}\">\n\t\t\t\t<div class=\"elementor-element elementor-element-92e2110 elementor-widget elementor-widget-text-editor\" data-id=\"92e2110\" data-element_type=\"widget\" data-e-type=\"widget\" data-widget_type=\"text-editor.default\">\n\t\t\t\t<div class=\"elementor-widget-container\">\n\t\t\t\t\t\t\t\t\t<p><strong>Kip GmbH<\/strong><br \/>repr\u00e9sent\u00e9e par le directeur g\u00e9n\u00e9ral Gus Neleman<br \/>Schlavenhorst 9<br \/>46395 Bocholt<br \/>Allemagne<\/p>\n<\/p>\n<p>Tribunal d&rsquo;instance de Coesfeld, HR-B 7997<\/p>\n<p>Num\u00e9ro d&rsquo;identification de la taxe sur le chiffre d&rsquo;affaires :<br \/>FR 811317422<\/p><\/p>\n\t\t\t\t\t\t\t\t<\/div>\n\t\t\t\t<\/div>\n\t\t\t\t<\/div>\n\t\t<div class=\"elementor-element elementor-element-d848bc3 e-con-full e-flex e-con e-child\" data-id=\"d848bc3\" data-element_type=\"container\" data-e-type=\"container\" data-settings=\"{&quot;jet_parallax_layout_list&quot;:[]}\">\n\t\t\t\t<div class=\"elementor-element elementor-element-37f2ff2 elementor-widget elementor-widget-text-editor\" data-id=\"37f2ff2\" data-element_type=\"widget\" data-e-type=\"widget\" data-widget_type=\"text-editor.default\">\n\t\t\t\t<div class=\"elementor-widget-container\">\n\t\t\t\t\t\t\t\t\t<p>T\u00e9l\u00e9phone : <a href=\"tel:+492871234660\">+49 (0)2871 23466-0<\/a><br \/>T\u00e9l\u00e9copieur : +49 (0)2871 23466-2310<\/p>\n<p>Courrier \u00e9lectronique : <a href=\"mailto:info@kip-tape.com\">info@kip-tape.com<\/a><br \/>Internet : www.kip-tape.com<\/p>\n\t\t\t\t\t\t\t\t<\/div>\n\t\t\t\t<\/div>\n\t\t\t\t<\/div>\n\t\t\t\t\t<\/div>\n\t\t\t\t<\/div>\n\t\t\t\t<\/div>\n\t\t","protected":false},"excerpt":{"rendered":"<p>Mentions l\u00e9gales Kip GmbHrepr\u00e9sent\u00e9e par le directeur g\u00e9n\u00e9ral Gus NelemanSchlavenhorst 946395 BocholtAllemagne Tribunal d&rsquo;instance de Coesfeld, HR-B 7997 Num\u00e9ro d&rsquo;identification de la taxe sur le chiffre d&rsquo;affaires :FR 811317422 T\u00e9l\u00e9phone : +49 (0)2871 23466-0T\u00e9l\u00e9copieur : +49 (0)2871 23466-2310 Courrier \u00e9lectronique : info@kip-tape.comInternet : www.kip-tape.com<\/p>\n","protected":false},"author":4,"featured_media":0,"parent":0,"menu_order":0,"comment_status":"closed","ping_status":"closed","template":"","meta":{"footnotes":""},"class_list":["post-13718","page","type-page","status-publish","hentry"],"yoast_head":"<!-- This site is optimized with the Yoast SEO plugin v27.4 - https:\/\/yoast.com\/product\/yoast-seo-wordpress\/ -->\n<title>Nos mentions l\u00e9gales - T-Rex<\/title>\n<meta name=\"description\" content=\"Page officielle des mentions l\u00e9gales de T-Rex\u00ae. Retrouvez toutes les informations l\u00e9gales, les coordonn\u00e9es et les donn\u00e9es de notre entreprise conform\u00e9ment aux exigences l\u00e9gales. Visitez maintenant pour plus de d\u00e9tails.\" \/>\n<meta name=\"robots\" content=\"noindex, nofollow\" \/>\n<meta property=\"og:locale\" content=\"fr_FR\" \/>\n<meta property=\"og:type\" content=\"article\" \/>\n<meta property=\"og:title\" content=\"Nos mentions l\u00e9gales - T-Rex\" \/>\n<meta property=\"og:description\" content=\"Page officielle des mentions l\u00e9gales de T-Rex\u00ae. Retrouvez toutes les informations l\u00e9gales, les coordonn\u00e9es et les donn\u00e9es de notre entreprise conform\u00e9ment aux exigences l\u00e9gales. Visitez maintenant pour plus de d\u00e9tails.\" \/>\n<meta property=\"og:url\" content=\"https:\/\/trextape.eu\/fr\/mentions-legales\/\" \/>\n<meta property=\"og:site_name\" content=\"T-Rex Tape\" \/>\n<meta property=\"article:modified_time\" content=\"2024-03-12T10:23:42+00:00\" \/>\n<meta property=\"og:image\" content=\"https:\/\/trextape.eu\/wp-content\/uploads\/image-85-scaled.webp\" \/>\n<meta name=\"twitter:card\" content=\"summary_large_image\" \/>\n<meta name=\"twitter:image\" content=\"https:\/\/trextape.eu\/wp-content\/uploads\/image-85-scaled.webp\" \/>\n<script type=\"application\/ld+json\" class=\"yoast-schema-graph\">{\"@context\":\"https:\\\/\\\/schema.org\",\"@graph\":[{\"@type\":\"WebPage\",\"@id\":\"https:\\\/\\\/trextape.eu\\\/fr\\\/mentions-legales\\\/\",\"url\":\"https:\\\/\\\/trextape.eu\\\/fr\\\/mentions-legales\\\/\",\"name\":\"Nos mentions l\u00e9gales - T-Rex\",\"isPartOf\":{\"@id\":\"https:\\\/\\\/trextape.eu\\\/fr\\\/#website\"},\"datePublished\":\"2022-06-13T10:31:11+00:00\",\"dateModified\":\"2024-03-12T10:23:42+00:00\",\"description\":\"Page officielle des mentions l\u00e9gales de T-Rex\u00ae. Retrouvez toutes les informations l\u00e9gales, les coordonn\u00e9es et les donn\u00e9es de notre entreprise conform\u00e9ment aux exigences l\u00e9gales. Visitez maintenant pour plus de d\u00e9tails.\",\"breadcrumb\":{\"@id\":\"https:\\\/\\\/trextape.eu\\\/fr\\\/mentions-legales\\\/#breadcrumb\"},\"inLanguage\":\"fr-FR\",\"potentialAction\":[{\"@type\":\"ReadAction\",\"target\":[\"https:\\\/\\\/trextape.eu\\\/fr\\\/mentions-legales\\\/\"]}]},{\"@type\":\"BreadcrumbList\",\"@id\":\"https:\\\/\\\/trextape.eu\\\/fr\\\/mentions-legales\\\/#breadcrumb\",\"itemListElement\":[{\"@type\":\"ListItem\",\"position\":1,\"name\":\"Page d'accueil\",\"item\":\"https:\\\/\\\/trextape.eu\\\/fr\\\/\"},{\"@type\":\"ListItem\",\"position\":2,\"name\":\"Mentions l\u00e9gales\"}]},{\"@type\":\"WebSite\",\"@id\":\"https:\\\/\\\/trextape.eu\\\/fr\\\/#website\",\"url\":\"https:\\\/\\\/trextape.eu\\\/fr\\\/\",\"name\":\"T-Rex Tape\",\"description\":\"Die extrem starken Tapes f\u00fcr spannende Outdoor Abenteuer\",\"publisher\":{\"@id\":\"https:\\\/\\\/trextape.eu\\\/fr\\\/#organization\"},\"potentialAction\":[{\"@type\":\"SearchAction\",\"target\":{\"@type\":\"EntryPoint\",\"urlTemplate\":\"https:\\\/\\\/trextape.eu\\\/fr\\\/?s={search_term_string}\"},\"query-input\":{\"@type\":\"PropertyValueSpecification\",\"valueRequired\":true,\"valueName\":\"search_term_string\"}}],\"inLanguage\":\"fr-FR\"},{\"@type\":\"Organization\",\"@id\":\"https:\\\/\\\/trextape.eu\\\/fr\\\/#organization\",\"name\":\"T-Rex Tape\",\"url\":\"https:\\\/\\\/trextape.eu\\\/fr\\\/\",\"logo\":{\"@type\":\"ImageObject\",\"inLanguage\":\"fr-FR\",\"@id\":\"https:\\\/\\\/trextape.eu\\\/fr\\\/#\\\/schema\\\/logo\\\/image\\\/\",\"url\":\"https:\\\/\\\/trextape.eu\\\/wp-content\\\/uploads\\\/TREX-Horiz-Lockup\u2122-RGB_WHT-scaled.png\",\"contentUrl\":\"https:\\\/\\\/trextape.eu\\\/wp-content\\\/uploads\\\/TREX-Horiz-Lockup\u2122-RGB_WHT-scaled.png\",\"width\":2560,\"height\":797,\"caption\":\"T-Rex Tape\"},\"image\":{\"@id\":\"https:\\\/\\\/trextape.eu\\\/fr\\\/#\\\/schema\\\/logo\\\/image\\\/\"}}]}<\/script>\n<!-- \/ Yoast SEO plugin. -->","yoast_head_json":{"title":"Nos mentions l\u00e9gales - T-Rex","description":"Page officielle des mentions l\u00e9gales de T-Rex\u00ae. Retrouvez toutes les informations l\u00e9gales, les coordonn\u00e9es et les donn\u00e9es de notre entreprise conform\u00e9ment aux exigences l\u00e9gales. Visitez maintenant pour plus de d\u00e9tails.","robots":{"index":"noindex","follow":"nofollow"},"og_locale":"fr_FR","og_type":"article","og_title":"Nos mentions l\u00e9gales - T-Rex","og_description":"Page officielle des mentions l\u00e9gales de T-Rex\u00ae. Retrouvez toutes les informations l\u00e9gales, les coordonn\u00e9es et les donn\u00e9es de notre entreprise conform\u00e9ment aux exigences l\u00e9gales. Visitez maintenant pour plus de d\u00e9tails.","og_url":"https:\/\/trextape.eu\/fr\/mentions-legales\/","og_site_name":"T-Rex Tape","article_modified_time":"2024-03-12T10:23:42+00:00","og_image":[{"url":"https:\/\/trextape.eu\/wp-content\/uploads\/image-85-scaled.webp","type":"","width":"","height":""}],"twitter_card":"summary_large_image","twitter_image":"https:\/\/trextape.eu\/wp-content\/uploads\/image-85-scaled.webp","schema":{"@context":"https:\/\/schema.org","@graph":[{"@type":"WebPage","@id":"https:\/\/trextape.eu\/fr\/mentions-legales\/","url":"https:\/\/trextape.eu\/fr\/mentions-legales\/","name":"Nos mentions l\u00e9gales - T-Rex","isPartOf":{"@id":"https:\/\/trextape.eu\/fr\/#website"},"datePublished":"2022-06-13T10:31:11+00:00","dateModified":"2024-03-12T10:23:42+00:00","description":"Page officielle des mentions l\u00e9gales de T-Rex\u00ae. Retrouvez toutes les informations l\u00e9gales, les coordonn\u00e9es et les donn\u00e9es de notre entreprise conform\u00e9ment aux exigences l\u00e9gales. Visitez maintenant pour plus de d\u00e9tails.","breadcrumb":{"@id":"https:\/\/trextape.eu\/fr\/mentions-legales\/#breadcrumb"},"inLanguage":"fr-FR","potentialAction":[{"@type":"ReadAction","target":["https:\/\/trextape.eu\/fr\/mentions-legales\/"]}]},{"@type":"BreadcrumbList","@id":"https:\/\/trextape.eu\/fr\/mentions-legales\/#breadcrumb","itemListElement":[{"@type":"ListItem","position":1,"name":"Page d'accueil","item":"https:\/\/trextape.eu\/fr\/"},{"@type":"ListItem","position":2,"name":"Mentions l\u00e9gales"}]},{"@type":"WebSite","@id":"https:\/\/trextape.eu\/fr\/#website","url":"https:\/\/trextape.eu\/fr\/","name":"T-Rex Tape","description":"Die extrem starken Tapes f\u00fcr spannende Outdoor Abenteuer","publisher":{"@id":"https:\/\/trextape.eu\/fr\/#organization"},"potentialAction":[{"@type":"SearchAction","target":{"@type":"EntryPoint","urlTemplate":"https:\/\/trextape.eu\/fr\/?s={search_term_string}"},"query-input":{"@type":"PropertyValueSpecification","valueRequired":true,"valueName":"search_term_string"}}],"inLanguage":"fr-FR"},{"@type":"Organization","@id":"https:\/\/trextape.eu\/fr\/#organization","name":"T-Rex Tape","url":"https:\/\/trextape.eu\/fr\/","logo":{"@type":"ImageObject","inLanguage":"fr-FR","@id":"https:\/\/trextape.eu\/fr\/#\/schema\/logo\/image\/","url":"https:\/\/trextape.eu\/wp-content\/uploads\/TREX-Horiz-Lockup\u2122-RGB_WHT-scaled.png","contentUrl":"https:\/\/trextape.eu\/wp-content\/uploads\/TREX-Horiz-Lockup\u2122-RGB_WHT-scaled.png","width":2560,"height":797,"caption":"T-Rex Tape"},"image":{"@id":"https:\/\/trextape.eu\/fr\/#\/schema\/logo\/image\/"}}]}},"_links":{"self":[{"href":"https:\/\/trextape.eu\/fr\/wp-json\/wp\/v2\/pages\/13718","targetHints":{"allow":["GET"]}}],"collection":[{"href":"https:\/\/trextape.eu\/fr\/wp-json\/wp\/v2\/pages"}],"about":[{"href":"https:\/\/trextape.eu\/fr\/wp-json\/wp\/v2\/types\/page"}],"author":[{"embeddable":true,"href":"https:\/\/trextape.eu\/fr\/wp-json\/wp\/v2\/users\/4"}],"replies":[{"embeddable":true,"href":"https:\/\/trextape.eu\/fr\/wp-json\/wp\/v2\/comments?post=13718"}],"version-history":[{"count":2,"href":"https:\/\/trextape.eu\/fr\/wp-json\/wp\/v2\/pages\/13718\/revisions"}],"predecessor-version":[{"id":15335,"href":"https:\/\/trextape.eu\/fr\/wp-json\/wp\/v2\/pages\/13718\/revisions\/15335"}],"wp:attachment":[{"href":"https:\/\/trextape.eu\/fr\/wp-json\/wp\/v2\/media?parent=13718"}],"curies":[{"name":"wp","href":"https:\/\/api.w.org\/{rel}","templated":true}]}}