{"id":13820,"date":"2024-02-26T09:02:47","date_gmt":"2024-02-26T08:02:47","guid":{"rendered":"https:\/\/trextape.eu\/instructions\/"},"modified":"2024-07-17T11:54:38","modified_gmt":"2024-07-17T09:54:38","slug":"projets","status":"publish","type":"page","link":"https:\/\/trextape.eu\/fr\/projets\/","title":{"rendered":"Projets"},"content":{"rendered":"\t\t<div data-elementor-type=\"wp-page\" data-elementor-id=\"13820\" class=\"elementor elementor-13820 elementor-12673\" data-elementor-post-type=\"page\">\n\t\t\t\t<div class=\"elementor-element elementor-element-eb35ae1 e-flex e-con-boxed e-con e-parent\" data-id=\"eb35ae1\" data-element_type=\"container\" data-e-type=\"container\" data-settings=\"{&quot;background_background&quot;:&quot;classic&quot;,&quot;jet_parallax_layout_list&quot;:[]}\">\n\t\t\t\t\t<div class=\"e-con-inner\">\n\t\t\t\t<div class=\"elementor-element elementor-element-8370271 elementor-widget elementor-widget-breadcrumbs\" data-id=\"8370271\" data-element_type=\"widget\" data-e-type=\"widget\" data-widget_type=\"breadcrumbs.default\">\n\t\t\t\t<div class=\"elementor-widget-container\">\n\t\t\t\t\t<p id=\"breadcrumbs\"><span><span><a href=\"https:\/\/trextape.eu\/fr\/\">Page d'accueil<\/a><\/span><\/span><\/p>\t\t\t\t<\/div>\n\t\t\t\t<\/div>\n\t\t\t\t\t<\/div>\n\t\t\t\t<\/div>\n\t\t<div class=\"elementor-element elementor-element-ea11c33 pad-s e-flex e-con-boxed e-con e-parent\" data-id=\"ea11c33\" data-element_type=\"container\" data-e-type=\"container\" data-settings=\"{&quot;jet_parallax_layout_list&quot;:[],&quot;background_background&quot;:&quot;classic&quot;}\">\n\t\t\t\t\t<div class=\"e-con-inner\">\n\t\t\t\t<div class=\"elementor-element elementor-element-3901168 elementor-widget elementor-widget-heading\" data-id=\"3901168\" data-element_type=\"widget\" data-e-type=\"widget\" data-widget_type=\"heading.default\">\n\t\t\t\t<div class=\"elementor-widget-container\">\n\t\t\t\t\t<h1 class=\"elementor-heading-title elementor-size-default\">Projets<\/h1>\t\t\t\t<\/div>\n\t\t\t\t<\/div>\n\t\t\t\t<div class=\"elementor-element elementor-element-439eef2 elementor-widget__width-initial elementor-widget-mobile__width-inherit elementor-widget elementor-widget-text-editor\" data-id=\"439eef2\" data-element_type=\"widget\" data-e-type=\"widget\" data-widget_type=\"text-editor.default\">\n\t\t\t\t<div class=\"elementor-widget-container\">\n\t\t\t\t\t\t\t\t\t<p>Des projets de bricolage aux r\u00e9parations les plus difficiles, la marque T-Rex\u00ae est un partenaire fiable pour tes t\u00e2ches les plus difficiles. Durabilit\u00e9 intensive \u00e0 des temp\u00e9ratures extr\u00eames. Forte adh\u00e9rence sur les surfaces rugueuses. C&rsquo;est vraiment fort.<\/p>\n\t\t\t\t\t\t\t\t<\/div>\n\t\t\t\t<\/div>\n\t\t\t\t\t<\/div>\n\t\t\t\t<\/div>\n\t\t<div class=\"elementor-element elementor-element-4b2715a e-flex e-con-boxed e-con e-parent\" data-id=\"4b2715a\" data-element_type=\"container\" data-e-type=\"container\" data-settings=\"{&quot;background_background&quot;:&quot;classic&quot;,&quot;jet_parallax_layout_list&quot;:[]}\">\n\t\t\t\t\t<div class=\"e-con-inner\">\n\t\t\t\t\t<\/div>\n\t\t\t\t<\/div>\n\t\t<div class=\"elementor-element elementor-element-8db0c74 pad-m e-flex e-con-boxed e-con e-parent\" data-id=\"8db0c74\" data-element_type=\"container\" data-e-type=\"container\" data-settings=\"{&quot;jet_parallax_layout_list&quot;:[],&quot;background_background&quot;:&quot;classic&quot;}\">\n\t\t\t\t\t<div class=\"e-con-inner\">\n\t\t\t\t<div class=\"elementor-element elementor-element-f303622 elementor-widget elementor-widget-jet-listing-grid\" data-id=\"f303622\" data-element_type=\"widget\" data-e-type=\"widget\" data-settings=\"{&quot;columns&quot;:3,&quot;columns_tablet&quot;:&quot;2&quot;,&quot;columns_mobile&quot;:&quot;1&quot;}\" data-widget_type=\"jet-listing-grid.default\">\n\t\t\t\t<div class=\"elementor-widget-container\">\n\t\t\t\t\t<div class=\"jet-listing-grid jet-listing\"><div class=\"jet-listing-grid__items grid-col-desk-3 grid-col-tablet-2 grid-col-mobile-1 jet-listing-grid--12307 jet-equal-columns__wrapper\" data-queried-id=\"13820|WP_Post\" data-nav=\"{&quot;enabled&quot;:false,&quot;type&quot;:null,&quot;more_el&quot;:null,&quot;query&quot;:[],&quot;widget_settings&quot;:{&quot;lisitng_id&quot;:12307,&quot;posts_num&quot;:100,&quot;columns&quot;:3,&quot;columns_tablet&quot;:2,&quot;columns_mobile&quot;:1,&quot;column_min_width&quot;:240,&quot;column_min_width_tablet&quot;:240,&quot;column_min_width_mobile&quot;:240,&quot;inline_columns_css&quot;:false,&quot;is_archive_template&quot;:&quot;&quot;,&quot;post_status&quot;:[&quot;publish&quot;],&quot;use_random_posts_num&quot;:&quot;&quot;,&quot;max_posts_num&quot;:9,&quot;not_found_message&quot;:&quot;aucun message trouv\\u00e9&quot;,&quot;is_masonry&quot;:false,&quot;equal_columns_height&quot;:&quot;yes&quot;,&quot;use_load_more&quot;:&quot;&quot;,&quot;load_more_id&quot;:&quot;&quot;,&quot;load_more_type&quot;:&quot;click&quot;,&quot;load_more_offset&quot;:{&quot;unit&quot;:&quot;px&quot;,&quot;size&quot;:0,&quot;sizes&quot;:[]},&quot;use_custom_post_types&quot;:&quot;&quot;,&quot;custom_post_types&quot;:[],&quot;hide_widget_if&quot;:&quot;&quot;,&quot;carousel_enabled&quot;:&quot;&quot;,&quot;slides_to_scroll&quot;:&quot;1&quot;,&quot;arrows&quot;:&quot;true&quot;,&quot;arrow_icon&quot;:&quot;fa fa-angle-left&quot;,&quot;dots&quot;:&quot;&quot;,&quot;autoplay&quot;:&quot;true&quot;,&quot;pause_on_hover&quot;:&quot;true&quot;,&quot;autoplay_speed&quot;:5000,&quot;infinite&quot;:&quot;true&quot;,&quot;center_mode&quot;:&quot;&quot;,&quot;effect&quot;:&quot;slide&quot;,&quot;speed&quot;:500,&quot;inject_alternative_items&quot;:&quot;&quot;,&quot;injection_items&quot;:[],&quot;scroll_slider_enabled&quot;:&quot;&quot;,&quot;scroll_slider_on&quot;:[&quot;desktop&quot;,&quot;tablet&quot;,&quot;mobile&quot;],&quot;custom_query&quot;:false,&quot;custom_query_id&quot;:&quot;&quot;,&quot;_element_id&quot;:&quot;&quot;,&quot;collapse_first_last_gap&quot;:false,&quot;list_tag_selection&quot;:&quot;&quot;,&quot;list_items_wrapper_tag&quot;:&quot;div&quot;,&quot;list_item_tag&quot;:&quot;div&quot;,&quot;empty_items_wrapper_tag&quot;:&quot;div&quot;}}\" data-page=\"1\" data-pages=\"1\" data-listing-source=\"posts\" data-listing-id=\"12307\" data-query-id=\"\"><div class=\"jet-listing-grid__item jet-listing-dynamic-post-15712 jet-equal-columns\" data-post-id=\"15712\"  ><style type=\"text\/css\">.jet-listing-dynamic-post-15712 .elementor-element.elementor-element-aa69d05:not(.elementor-motion-effects-element-type-background), .jet-listing-dynamic-post-15712 .elementor-element.elementor-element-aa69d05 > .elementor-motion-effects-container > .elementor-motion-effects-layer{background-image:url(\"https:\/\/trextape.eu\/wp-content\/uploads\/csm_camping_geflickte-schuhe-am-feuer_8c2efdf034.jpg\");}<\/style><div class=\"jet-engine-listing-overlay-wrap\" data-url=\"https:\/\/trextape.eu\/fr\/aventure-en-camping\/\">\t\t<div data-elementor-type=\"jet-listing-items\" data-elementor-id=\"14068\" class=\"elementor elementor-14068 elementor-12307\" data-elementor-post-type=\"jet-engine\">\n\t\t\t\t<div class=\"elementor-element elementor-element-7ad8d65 e-con-full e-flex e-con e-child\" data-id=\"7ad8d65\" data-element_type=\"container\" data-e-type=\"container\" data-settings=\"{&quot;background_background&quot;:&quot;classic&quot;,&quot;jet_parallax_layout_list&quot;:[]}\">\n\t\t<div class=\"elementor-element elementor-element-aa69d05 e-con-full e-flex e-con e-child\" data-id=\"aa69d05\" data-element_type=\"container\" data-e-type=\"container\" data-settings=\"{&quot;background_background&quot;:&quot;classic&quot;,&quot;jet_parallax_layout_list&quot;:[]}\">\n\t\t\t\t<\/div>\n\t\t<div class=\"elementor-element elementor-element-15060f8 e-flex e-con-boxed e-con e-child\" data-id=\"15060f8\" data-element_type=\"container\" data-e-type=\"container\" data-settings=\"{&quot;jet_parallax_layout_list&quot;:[],&quot;background_background&quot;:&quot;classic&quot;}\">\n\t\t\t\t\t<div class=\"e-con-inner\">\n\t\t<div class=\"elementor-element elementor-element-b158bb6 e-flex e-con-boxed e-con e-child\" data-id=\"b158bb6\" data-element_type=\"container\" data-e-type=\"container\" data-settings=\"{&quot;background_background&quot;:&quot;classic&quot;,&quot;jet_parallax_layout_list&quot;:[]}\">\n\t\t\t\t\t<div class=\"e-con-inner\">\n\t\t\t\t<div class=\"elementor-element elementor-element-ea79870 elementor-widget elementor-widget-heading\" data-id=\"ea79870\" data-element_type=\"widget\" data-e-type=\"widget\" data-widget_type=\"heading.default\">\n\t\t\t\t<div class=\"elementor-widget-container\">\n\t\t\t\t\t<h2 class=\"elementor-heading-title elementor-size-default\">Aventure en camping<\/h2>\t\t\t\t<\/div>\n\t\t\t\t<\/div>\n\t\t\t\t\t<\/div>\n\t\t\t\t<\/div>\n\t\t\t\t<div class=\"elementor-element elementor-element-98ac510 elementor-widget elementor-widget-jet-listing-dynamic-field\" data-id=\"98ac510\" data-element_type=\"widget\" data-e-type=\"widget\" data-widget_type=\"jet-listing-dynamic-field.default\">\n\t\t\t\t<div class=\"elementor-widget-container\">\n\t\t\t\t\t<div class=\"jet-listing jet-listing-dynamic-field display-inline\"><div class=\"jet-listing-dynamic-field__inline-wrap\"><div class=\"jet-listing-dynamic-field__content\">Que ce soit sous la tente ou dans une caravane, passer la nuit en pleine nature est un moment fort absolu. Nous avons r\u00e9uni quelques conseils et astuces utiles pour que plus rien ne s'oppose \u00e0 une belle nuit \u00e0 la belle \u00e9toile.Que ce soit sous la tente ou dans la caravane, passer la nuit en pleine na...<\/div><\/div><\/div>\t\t\t\t<\/div>\n\t\t\t\t<\/div>\n\t\t\t\t\t<\/div>\n\t\t\t\t<\/div>\n\t\t\t\t<\/div>\n\t\t\t\t<\/div>\n\t\t<a href=\"https:\/\/trextape.eu\/fr\/aventure-en-camping\/\" class=\"jet-engine-listing-overlay-link\"><\/a><\/div><\/div><div class=\"jet-listing-grid__item jet-listing-dynamic-post-15672 jet-equal-columns\" data-post-id=\"15672\"  ><style type=\"text\/css\">.jet-listing-dynamic-post-15672 .elementor-element.elementor-element-aa69d05:not(.elementor-motion-effects-element-type-background), .jet-listing-dynamic-post-15672 .elementor-element.elementor-element-aa69d05 > .elementor-motion-effects-container > .elementor-motion-effects-layer{background-image:url(\"https:\/\/trextape.eu\/wp-content\/uploads\/projekte-wandern.jpg\");}<\/style><div class=\"jet-engine-listing-overlay-wrap\" data-url=\"https:\/\/trextape.eu\/fr\/aventure-randonnee\/\">\t\t<div data-elementor-type=\"jet-listing-items\" data-elementor-id=\"14068\" class=\"elementor elementor-14068 elementor-12307\" data-elementor-post-type=\"jet-engine\">\n\t\t\t\t<div class=\"elementor-element elementor-element-7ad8d65 e-con-full e-flex e-con e-child\" data-id=\"7ad8d65\" data-element_type=\"container\" data-e-type=\"container\" data-settings=\"{&quot;background_background&quot;:&quot;classic&quot;,&quot;jet_parallax_layout_list&quot;:[]}\">\n\t\t<div class=\"elementor-element elementor-element-aa69d05 e-con-full e-flex e-con e-child\" data-id=\"aa69d05\" data-element_type=\"container\" data-e-type=\"container\" data-settings=\"{&quot;background_background&quot;:&quot;classic&quot;,&quot;jet_parallax_layout_list&quot;:[]}\">\n\t\t\t\t<\/div>\n\t\t<div class=\"elementor-element elementor-element-15060f8 e-flex e-con-boxed e-con e-child\" data-id=\"15060f8\" data-element_type=\"container\" data-e-type=\"container\" data-settings=\"{&quot;jet_parallax_layout_list&quot;:[],&quot;background_background&quot;:&quot;classic&quot;}\">\n\t\t\t\t\t<div class=\"e-con-inner\">\n\t\t<div class=\"elementor-element elementor-element-b158bb6 e-flex e-con-boxed e-con e-child\" data-id=\"b158bb6\" data-element_type=\"container\" data-e-type=\"container\" data-settings=\"{&quot;background_background&quot;:&quot;classic&quot;,&quot;jet_parallax_layout_list&quot;:[]}\">\n\t\t\t\t\t<div class=\"e-con-inner\">\n\t\t\t\t<div class=\"elementor-element elementor-element-ea79870 elementor-widget elementor-widget-heading\" data-id=\"ea79870\" data-element_type=\"widget\" data-e-type=\"widget\" data-widget_type=\"heading.default\">\n\t\t\t\t<div class=\"elementor-widget-container\">\n\t\t\t\t\t<h2 class=\"elementor-heading-title elementor-size-default\">Aventure en randonn\u00e9e<\/h2>\t\t\t\t<\/div>\n\t\t\t\t<\/div>\n\t\t\t\t\t<\/div>\n\t\t\t\t<\/div>\n\t\t\t\t<div class=\"elementor-element elementor-element-98ac510 elementor-widget elementor-widget-jet-listing-dynamic-field\" data-id=\"98ac510\" data-element_type=\"widget\" data-e-type=\"widget\" data-widget_type=\"jet-listing-dynamic-field.default\">\n\t\t\t\t<div class=\"elementor-widget-container\">\n\t\t\t\t\t<div class=\"jet-listing jet-listing-dynamic-field display-inline\"><div class=\"jet-listing-dynamic-field__inline-wrap\"><div class=\"jet-listing-dynamic-field__content\">Printemps, \u00e9t\u00e9 ou automne - toutes les saisons sont propices \u00e0 la randonn\u00e9e ! Il suffit de sortir dans la nature et de s'offrir une petite (ou grande) pause. En randonn\u00e9e, T-Rex\u00ae est un compagnon fid\u00e8le et important. Mais nous avons aussi quelques conseils et astuces \u00e0 te donner pour que ton exp\u00e9rie...<\/div><\/div><\/div>\t\t\t\t<\/div>\n\t\t\t\t<\/div>\n\t\t\t\t\t<\/div>\n\t\t\t\t<\/div>\n\t\t\t\t<\/div>\n\t\t\t\t<\/div>\n\t\t<a href=\"https:\/\/trextape.eu\/fr\/aventure-randonnee\/\" class=\"jet-engine-listing-overlay-link\"><\/a><\/div><\/div><\/div><\/div>\t\t\t\t<\/div>\n\t\t\t\t<\/div>\n\t\t\t\t\t<\/div>\n\t\t\t\t<\/div>\n\t\t\t\t<\/div>\n\t\t","protected":false},"excerpt":{"rendered":"<p>Projets Des projets de bricolage aux r\u00e9parations les plus difficiles, la marque T-Rex\u00ae est un partenaire fiable pour tes t\u00e2ches les plus difficiles. Durabilit\u00e9 intensive \u00e0 des temp\u00e9ratures extr\u00eames. Forte adh\u00e9rence sur les surfaces rugueuses. C&rsquo;est vraiment fort. Egal ob im Zelt oder im Wohnwagen \u2013 \u00dcbernachten in der freien Natur ist ein absolutes Highlight. [&hellip;]<\/p>\n","protected":false},"author":4,"featured_media":15692,"parent":0,"menu_order":0,"comment_status":"closed","ping_status":"closed","template":"","meta":{"footnotes":""},"class_list":["post-13820","page","type-page","status-publish","has-post-thumbnail","hentry"],"yoast_head":"<!-- This site is optimized with the Yoast SEO plugin v27.4 - https:\/\/yoast.com\/product\/yoast-seo-wordpress\/ -->\n<title>T-Rex Tape\u00ae - Des rubans adh\u00e9sifs extr\u00eames pour des projets extr\u00eames<\/title>\n<meta name=\"description\" content=\"Des projets de bricolage aux r\u00e9parations les plus difficiles. T-Rex\u00ae est ton partenaire fiable pour les t\u00e2ches les plus difficiles.\" \/>\n<meta name=\"robots\" content=\"index, follow, max-snippet:-1, max-image-preview:large, max-video-preview:-1\" \/>\n<link rel=\"canonical\" href=\"https:\/\/trextape.eu\/fr\/projets\/\" \/>\n<meta property=\"og:locale\" content=\"fr_FR\" \/>\n<meta property=\"og:type\" content=\"article\" \/>\n<meta property=\"og:title\" content=\"T-Rex Tape\u00ae - Des rubans adh\u00e9sifs extr\u00eames pour des projets extr\u00eames\" \/>\n<meta property=\"og:description\" content=\"Des projets de bricolage aux r\u00e9parations les plus difficiles. T-Rex\u00ae est ton partenaire fiable pour les t\u00e2ches les plus difficiles.\" \/>\n<meta property=\"og:url\" content=\"https:\/\/trextape.eu\/fr\/projets\/\" \/>\n<meta property=\"og:site_name\" content=\"T-Rex Tape\" \/>\n<meta property=\"article:modified_time\" content=\"2024-07-17T09:54:38+00:00\" \/>\n<meta property=\"og:image\" content=\"https:\/\/trextape.eu\/wp-content\/uploads\/Headerbild-4-scaled.jpg\" \/>\n<meta name=\"twitter:card\" content=\"summary_large_image\" \/>\n<meta name=\"twitter:image\" content=\"https:\/\/trextape.eu\/wp-content\/uploads\/Headerbild-4-scaled.jpg\" \/>\n<meta name=\"twitter:label1\" content=\"Dur\u00e9e de lecture estim\u00e9e\" \/>\n\t<meta name=\"twitter:data1\" content=\"1 minute\" \/>\n<script type=\"application\/ld+json\" class=\"yoast-schema-graph\">{\"@context\":\"https:\\\/\\\/schema.org\",\"@graph\":[{\"@type\":\"WebPage\",\"@id\":\"https:\\\/\\\/trextape.eu\\\/fr\\\/projets\\\/\",\"url\":\"https:\\\/\\\/trextape.eu\\\/fr\\\/projets\\\/\",\"name\":\"T-Rex Tape\u00ae - Des rubans adh\u00e9sifs extr\u00eames pour des projets extr\u00eames\",\"isPartOf\":{\"@id\":\"https:\\\/\\\/trextape.eu\\\/fr\\\/#website\"},\"primaryImageOfPage\":{\"@id\":\"https:\\\/\\\/trextape.eu\\\/fr\\\/projets\\\/#primaryimage\"},\"image\":{\"@id\":\"https:\\\/\\\/trextape.eu\\\/fr\\\/projets\\\/#primaryimage\"},\"thumbnailUrl\":\"https:\\\/\\\/trextape.eu\\\/wp-content\\\/uploads\\\/csm_wandern_bau-regenschutz_b9a867f024.jpg\",\"datePublished\":\"2024-02-26T08:02:47+00:00\",\"dateModified\":\"2024-07-17T09:54:38+00:00\",\"description\":\"Des projets de bricolage aux r\u00e9parations les plus difficiles. T-Rex\u00ae est ton partenaire fiable pour les t\u00e2ches les plus difficiles.\",\"breadcrumb\":{\"@id\":\"https:\\\/\\\/trextape.eu\\\/fr\\\/projets\\\/#breadcrumb\"},\"inLanguage\":\"fr-FR\",\"potentialAction\":[{\"@type\":\"ReadAction\",\"target\":[\"https:\\\/\\\/trextape.eu\\\/fr\\\/projets\\\/\"]}]},{\"@type\":\"ImageObject\",\"inLanguage\":\"fr-FR\",\"@id\":\"https:\\\/\\\/trextape.eu\\\/fr\\\/projets\\\/#primaryimage\",\"url\":\"https:\\\/\\\/trextape.eu\\\/wp-content\\\/uploads\\\/csm_wandern_bau-regenschutz_b9a867f024.jpg\",\"contentUrl\":\"https:\\\/\\\/trextape.eu\\\/wp-content\\\/uploads\\\/csm_wandern_bau-regenschutz_b9a867f024.jpg\",\"width\":1538,\"height\":1000},{\"@type\":\"BreadcrumbList\",\"@id\":\"https:\\\/\\\/trextape.eu\\\/fr\\\/projets\\\/#breadcrumb\",\"itemListElement\":[{\"@type\":\"ListItem\",\"position\":1,\"name\":\"Page d'accueil\",\"item\":\"https:\\\/\\\/trextape.eu\\\/fr\\\/\"},{\"@type\":\"ListItem\",\"position\":2,\"name\":\"Projets\"}]},{\"@type\":\"WebSite\",\"@id\":\"https:\\\/\\\/trextape.eu\\\/fr\\\/#website\",\"url\":\"https:\\\/\\\/trextape.eu\\\/fr\\\/\",\"name\":\"T-Rex Tape\",\"description\":\"Die extrem starken Tapes f\u00fcr spannende Outdoor Abenteuer\",\"publisher\":{\"@id\":\"https:\\\/\\\/trextape.eu\\\/fr\\\/#organization\"},\"potentialAction\":[{\"@type\":\"SearchAction\",\"target\":{\"@type\":\"EntryPoint\",\"urlTemplate\":\"https:\\\/\\\/trextape.eu\\\/fr\\\/?s={search_term_string}\"},\"query-input\":{\"@type\":\"PropertyValueSpecification\",\"valueRequired\":true,\"valueName\":\"search_term_string\"}}],\"inLanguage\":\"fr-FR\"},{\"@type\":\"Organization\",\"@id\":\"https:\\\/\\\/trextape.eu\\\/fr\\\/#organization\",\"name\":\"T-Rex Tape\",\"url\":\"https:\\\/\\\/trextape.eu\\\/fr\\\/\",\"logo\":{\"@type\":\"ImageObject\",\"inLanguage\":\"fr-FR\",\"@id\":\"https:\\\/\\\/trextape.eu\\\/fr\\\/#\\\/schema\\\/logo\\\/image\\\/\",\"url\":\"https:\\\/\\\/trextape.eu\\\/wp-content\\\/uploads\\\/TREX-Horiz-Lockup\u2122-RGB_WHT-scaled.png\",\"contentUrl\":\"https:\\\/\\\/trextape.eu\\\/wp-content\\\/uploads\\\/TREX-Horiz-Lockup\u2122-RGB_WHT-scaled.png\",\"width\":2560,\"height\":797,\"caption\":\"T-Rex Tape\"},\"image\":{\"@id\":\"https:\\\/\\\/trextape.eu\\\/fr\\\/#\\\/schema\\\/logo\\\/image\\\/\"}}]}<\/script>\n<!-- \/ Yoast SEO plugin. -->","yoast_head_json":{"title":"T-Rex Tape\u00ae - Des rubans adh\u00e9sifs extr\u00eames pour des projets extr\u00eames","description":"Des projets de bricolage aux r\u00e9parations les plus difficiles. T-Rex\u00ae est ton partenaire fiable pour les t\u00e2ches les plus difficiles.","robots":{"index":"index","follow":"follow","max-snippet":"max-snippet:-1","max-image-preview":"max-image-preview:large","max-video-preview":"max-video-preview:-1"},"canonical":"https:\/\/trextape.eu\/fr\/projets\/","og_locale":"fr_FR","og_type":"article","og_title":"T-Rex Tape\u00ae - Des rubans adh\u00e9sifs extr\u00eames pour des projets extr\u00eames","og_description":"Des projets de bricolage aux r\u00e9parations les plus difficiles. T-Rex\u00ae est ton partenaire fiable pour les t\u00e2ches les plus difficiles.","og_url":"https:\/\/trextape.eu\/fr\/projets\/","og_site_name":"T-Rex Tape","article_modified_time":"2024-07-17T09:54:38+00:00","og_image":[{"url":"https:\/\/trextape.eu\/wp-content\/uploads\/Headerbild-4-scaled.jpg","type":"","width":"","height":""}],"twitter_card":"summary_large_image","twitter_image":"https:\/\/trextape.eu\/wp-content\/uploads\/Headerbild-4-scaled.jpg","twitter_misc":{"Dur\u00e9e de lecture estim\u00e9e":"1 minute"},"schema":{"@context":"https:\/\/schema.org","@graph":[{"@type":"WebPage","@id":"https:\/\/trextape.eu\/fr\/projets\/","url":"https:\/\/trextape.eu\/fr\/projets\/","name":"T-Rex Tape\u00ae - Des rubans adh\u00e9sifs extr\u00eames pour des projets extr\u00eames","isPartOf":{"@id":"https:\/\/trextape.eu\/fr\/#website"},"primaryImageOfPage":{"@id":"https:\/\/trextape.eu\/fr\/projets\/#primaryimage"},"image":{"@id":"https:\/\/trextape.eu\/fr\/projets\/#primaryimage"},"thumbnailUrl":"https:\/\/trextape.eu\/wp-content\/uploads\/csm_wandern_bau-regenschutz_b9a867f024.jpg","datePublished":"2024-02-26T08:02:47+00:00","dateModified":"2024-07-17T09:54:38+00:00","description":"Des projets de bricolage aux r\u00e9parations les plus difficiles. T-Rex\u00ae est ton partenaire fiable pour les t\u00e2ches les plus difficiles.","breadcrumb":{"@id":"https:\/\/trextape.eu\/fr\/projets\/#breadcrumb"},"inLanguage":"fr-FR","potentialAction":[{"@type":"ReadAction","target":["https:\/\/trextape.eu\/fr\/projets\/"]}]},{"@type":"ImageObject","inLanguage":"fr-FR","@id":"https:\/\/trextape.eu\/fr\/projets\/#primaryimage","url":"https:\/\/trextape.eu\/wp-content\/uploads\/csm_wandern_bau-regenschutz_b9a867f024.jpg","contentUrl":"https:\/\/trextape.eu\/wp-content\/uploads\/csm_wandern_bau-regenschutz_b9a867f024.jpg","width":1538,"height":1000},{"@type":"BreadcrumbList","@id":"https:\/\/trextape.eu\/fr\/projets\/#breadcrumb","itemListElement":[{"@type":"ListItem","position":1,"name":"Page d'accueil","item":"https:\/\/trextape.eu\/fr\/"},{"@type":"ListItem","position":2,"name":"Projets"}]},{"@type":"WebSite","@id":"https:\/\/trextape.eu\/fr\/#website","url":"https:\/\/trextape.eu\/fr\/","name":"T-Rex Tape","description":"Die extrem starken Tapes f\u00fcr spannende Outdoor Abenteuer","publisher":{"@id":"https:\/\/trextape.eu\/fr\/#organization"},"potentialAction":[{"@type":"SearchAction","target":{"@type":"EntryPoint","urlTemplate":"https:\/\/trextape.eu\/fr\/?s={search_term_string}"},"query-input":{"@type":"PropertyValueSpecification","valueRequired":true,"valueName":"search_term_string"}}],"inLanguage":"fr-FR"},{"@type":"Organization","@id":"https:\/\/trextape.eu\/fr\/#organization","name":"T-Rex Tape","url":"https:\/\/trextape.eu\/fr\/","logo":{"@type":"ImageObject","inLanguage":"fr-FR","@id":"https:\/\/trextape.eu\/fr\/#\/schema\/logo\/image\/","url":"https:\/\/trextape.eu\/wp-content\/uploads\/TREX-Horiz-Lockup\u2122-RGB_WHT-scaled.png","contentUrl":"https:\/\/trextape.eu\/wp-content\/uploads\/TREX-Horiz-Lockup\u2122-RGB_WHT-scaled.png","width":2560,"height":797,"caption":"T-Rex Tape"},"image":{"@id":"https:\/\/trextape.eu\/fr\/#\/schema\/logo\/image\/"}}]}},"_links":{"self":[{"href":"https:\/\/trextape.eu\/fr\/wp-json\/wp\/v2\/pages\/13820","targetHints":{"allow":["GET"]}}],"collection":[{"href":"https:\/\/trextape.eu\/fr\/wp-json\/wp\/v2\/pages"}],"about":[{"href":"https:\/\/trextape.eu\/fr\/wp-json\/wp\/v2\/types\/page"}],"author":[{"embeddable":true,"href":"https:\/\/trextape.eu\/fr\/wp-json\/wp\/v2\/users\/4"}],"replies":[{"embeddable":true,"href":"https:\/\/trextape.eu\/fr\/wp-json\/wp\/v2\/comments?post=13820"}],"version-history":[{"count":8,"href":"https:\/\/trextape.eu\/fr\/wp-json\/wp\/v2\/pages\/13820\/revisions"}],"predecessor-version":[{"id":16123,"href":"https:\/\/trextape.eu\/fr\/wp-json\/wp\/v2\/pages\/13820\/revisions\/16123"}],"wp:featuredmedia":[{"embeddable":true,"href":"https:\/\/trextape.eu\/fr\/wp-json\/wp\/v2\/media\/15692"}],"wp:attachment":[{"href":"https:\/\/trextape.eu\/fr\/wp-json\/wp\/v2\/media?parent=13820"}],"curies":[{"name":"wp","href":"https:\/\/api.w.org\/{rel}","templated":true}]}}